{"id":16842,"date":"2026-02-27T12:38:20","date_gmt":"2026-02-27T12:38:20","guid":{"rendered":"https:\/\/sweethome-conciergerie.com\/?page_id=16842"},"modified":"2026-02-27T13:27:40","modified_gmt":"2026-02-27T13:27:40","slug":"sejourner-a-luxembourg","status":"publish","type":"page","link":"https:\/\/sweethome-conciergerie.com\/en\/sejourner-a-luxembourg\/","title":{"rendered":"S\u00e9journer \u00e0 Luxembourg"},"content":{"rendered":"<div data-elementor-type=\"wp-page\" data-elementor-id=\"16842\" class=\"elementor elementor-16842\">\n\t\t\t\t<div class=\"elementor-element elementor-element-9b52e8f e-flex e-con-boxed e-con e-parent\" data-id=\"9b52e8f\" data-element_type=\"container\">\n\t\t\t\t\t<div class=\"e-con-inner\">\n\t\t<div class=\"elementor-element elementor-element-e12979f e-con-full e-flex e-con e-child\" data-id=\"e12979f\" data-element_type=\"container\">\n\t\t<div class=\"elementor-element elementor-element-a0163d8 e-con-full e-flex e-con e-child\" data-id=\"a0163d8\" data-element_type=\"container\">\n\t\t\t\t<div class=\"elementor-element elementor-element-6403e13 elementor-grid-eael-col-3 elementor-grid-tablet-eael-col-2 elementor-grid-mobile-eael-col-1 elementor-widget elementor-widget-eael-post-grid\" data-id=\"6403e13\" data-element_type=\"widget\" data-settings=\"{&quot;eael_post_grid_columns&quot;:&quot;eael-col-3&quot;,&quot;eael_post_grid_columns_tablet&quot;:&quot;eael-col-2&quot;,&quot;eael_post_grid_columns_mobile&quot;:&quot;eael-col-1&quot;}\" data-widget_type=\"eael-post-grid.default\">\n\t\t\t\t<div class=\"elementor-widget-container\">\n\t\t\t\t\t<div id=\"eael-post-grid-6403e13\" class=\"eael-post-grid-container\">\n            <div class=\"eael-post-grid eael-post-appender eael-post-appender-6403e13 eael-post-grid-style-three\" data-layout-mode=\"masonry\"><article class=\"eael-grid-post  eael-post-grid-column eael-pg-post-16895 category-sejourneraluxembourg\" data-id=\"16895\">\n        <div class=\"eael-grid-post-holder\">\n            <div class=\"eael-grid-post-holder-inner\"><div class=\"eael-entry-media\"><div class=\"eael-entry-overlay fade-in\"><i class=\"fas fa-long-arrow-alt-right\" aria-hidden=\"true\"><\/i><a href=\"https:\/\/sweethome-conciergerie.com\/en\/origines-histoire-luxembourg-ville\/\"><\/a><\/div><div class=\"eael-entry-thumbnail eael-image-ratio\">\n                 <img fetchpriority=\"high\" decoding=\"async\" width=\"768\" height=\"542\" src=\"https:\/\/sweethome-conciergerie.com\/wp-content\/uploads\/2026\/02\/Sejourner-a-Luxembourg-768x542.jpg\" class=\"attachment-medium_large size-medium_large wp-image-16906\" alt=\"\" srcset=\"https:\/\/sweethome-conciergerie.com\/wp-content\/uploads\/2026\/02\/Sejourner-a-Luxembourg-768x542.jpg 768w, https:\/\/sweethome-conciergerie.com\/wp-content\/uploads\/2026\/02\/Sejourner-a-Luxembourg-18x12.jpg 18w, https:\/\/sweethome-conciergerie.com\/wp-content\/uploads\/2026\/02\/Sejourner-a-Luxembourg-600x424.jpg 600w, https:\/\/sweethome-conciergerie.com\/wp-content\/uploads\/2026\/02\/Sejourner-a-Luxembourg.jpg 2000w\" sizes=\"(max-width: 768px) 100vw, 768px\" \/>\n             <\/div>\n        <\/div><div class=\"eael-entry-wrapper\"><header class=\"eael-entry-header\"><h1 class=\"eael-entry-title\"><a class=\"eael-grid-post-link\" href=\"https:\/\/sweethome-conciergerie.com\/en\/origines-histoire-luxembourg-ville\/\" title=\"Origines et histoire du Luxembourg\">Origines et histoire du Luxembourg<\/a><\/h1><\/header><div class=\"eael-entry-content\">\n                        <div class=\"eael-grid-post-excerpt\"><p>&nbsp; &nbsp; Les origines de Luxembourg-Ville : de Sigefroi au Lucilinburhuc En 963, un acte...<\/p><a href=\"https:\/\/sweethome-conciergerie.com\/en\/origines-histoire-luxembourg-ville\/\" class=\"eael-post-elements-readmore-btn\">Lire la suite ...<\/a><\/div>\n                    <\/div><\/div><\/div>\n        <\/div>\n    <\/article><article class=\"eael-grid-post  eael-post-grid-column eael-pg-post-16894 category-sejourneraluxembourg\" data-id=\"16894\">\n        <div class=\"eael-grid-post-holder\">\n            <div class=\"eael-grid-post-holder-inner\"><div class=\"eael-entry-media\"><div class=\"eael-entry-overlay fade-in\"><i class=\"fas fa-long-arrow-alt-right\" aria-hidden=\"true\"><\/i><a href=\"https:\/\/sweethome-conciergerie.com\/en\/forteresse-gibraltar-du-nord\/\"><\/a><\/div><div class=\"eael-entry-thumbnail eael-image-ratio\">\n                 <img fetchpriority=\"high\" decoding=\"async\" width=\"768\" height=\"542\" src=\"https:\/\/sweethome-conciergerie.com\/wp-content\/uploads\/2026\/02\/Sejourner-a-Luxembourg-768x542.jpg\" class=\"attachment-medium_large size-medium_large wp-image-16906\" alt=\"\" srcset=\"https:\/\/sweethome-conciergerie.com\/wp-content\/uploads\/2026\/02\/Sejourner-a-Luxembourg-768x542.jpg 768w, https:\/\/sweethome-conciergerie.com\/wp-content\/uploads\/2026\/02\/Sejourner-a-Luxembourg-18x12.jpg 18w, https:\/\/sweethome-conciergerie.com\/wp-content\/uploads\/2026\/02\/Sejourner-a-Luxembourg-600x424.jpg 600w, https:\/\/sweethome-conciergerie.com\/wp-content\/uploads\/2026\/02\/Sejourner-a-Luxembourg.jpg 2000w\" sizes=\"(max-width: 768px) 100vw, 768px\" \/>\n             <\/div>\n        <\/div><div class=\"eael-entry-wrapper\"><header class=\"eael-entry-header\"><h1 class=\"eael-entry-title\"><a class=\"eael-grid-post-link\" href=\"https:\/\/sweethome-conciergerie.com\/en\/forteresse-gibraltar-du-nord\/\" title=\"Forteresse Gibraltar du nord\">Forteresse Gibraltar du nord<\/a><\/h1><\/header><div class=\"eael-entry-content\">\n                        <div class=\"eael-grid-post-excerpt\"><p>&nbsp; &nbsp; La forteresse de Luxembourg : du Gibraltar du Nord au d\u00e9mant\u00e8lement de 1867...<\/p><a href=\"https:\/\/sweethome-conciergerie.com\/en\/forteresse-gibraltar-du-nord\/\" class=\"eael-post-elements-readmore-btn\">Lire la suite ...<\/a><\/div>\n                    <\/div><\/div><\/div>\n        <\/div>\n    <\/article><article class=\"eael-grid-post  eael-post-grid-column eael-pg-post-16893 category-sejourneraluxembourg\" data-id=\"16893\">\n        <div class=\"eael-grid-post-holder\">\n            <div class=\"eael-grid-post-holder-inner\"><div class=\"eael-entry-media\"><div class=\"eael-entry-overlay fade-in\"><i class=\"fas fa-long-arrow-alt-right\" aria-hidden=\"true\"><\/i><a href=\"https:\/\/sweethome-conciergerie.com\/en\/patrimoine-unesco-luxembourg\/\"><\/a><\/div><div class=\"eael-entry-thumbnail eael-image-ratio\">\n                 <img fetchpriority=\"high\" decoding=\"async\" width=\"768\" height=\"542\" src=\"https:\/\/sweethome-conciergerie.com\/wp-content\/uploads\/2026\/02\/Sejourner-a-Luxembourg-768x542.jpg\" class=\"attachment-medium_large size-medium_large wp-image-16906\" alt=\"\" srcset=\"https:\/\/sweethome-conciergerie.com\/wp-content\/uploads\/2026\/02\/Sejourner-a-Luxembourg-768x542.jpg 768w, https:\/\/sweethome-conciergerie.com\/wp-content\/uploads\/2026\/02\/Sejourner-a-Luxembourg-18x12.jpg 18w, https:\/\/sweethome-conciergerie.com\/wp-content\/uploads\/2026\/02\/Sejourner-a-Luxembourg-600x424.jpg 600w, https:\/\/sweethome-conciergerie.com\/wp-content\/uploads\/2026\/02\/Sejourner-a-Luxembourg.jpg 2000w\" sizes=\"(max-width: 768px) 100vw, 768px\" \/>\n             <\/div>\n        <\/div><div class=\"eael-entry-wrapper\"><header class=\"eael-entry-header\"><h1 class=\"eael-entry-title\"><a class=\"eael-grid-post-link\" href=\"https:\/\/sweethome-conciergerie.com\/en\/patrimoine-unesco-luxembourg\/\" title=\"Patrimoine Unesco Luxembourg\">Patrimoine Unesco Luxembourg<\/a><\/h1><\/header><div class=\"eael-entry-content\">\n                        <div class=\"eael-grid-post-excerpt\"><p>&nbsp; &nbsp; Patrimoine mondial UNESCO \u00e0 Luxembourg-Ville : sites class\u00e9s et visites guid\u00e9es Depuis 1994,...<\/p><a href=\"https:\/\/sweethome-conciergerie.com\/en\/patrimoine-unesco-luxembourg\/\" class=\"eael-post-elements-readmore-btn\">Lire la suite ...<\/a><\/div>\n                    <\/div><\/div><\/div>\n        <\/div>\n    <\/article><article class=\"eael-grid-post  eael-post-grid-column eael-pg-post-16892 category-sejourneraluxembourg\" data-id=\"16892\">\n        <div class=\"eael-grid-post-holder\">\n            <div class=\"eael-grid-post-holder-inner\"><div class=\"eael-entry-media\"><div class=\"eael-entry-overlay fade-in\"><i class=\"fas fa-long-arrow-alt-right\" aria-hidden=\"true\"><\/i><a href=\"https:\/\/sweethome-conciergerie.com\/en\/quartiers-incontournables-luxembourg\/\"><\/a><\/div><div class=\"eael-entry-thumbnail eael-image-ratio\">\n                 <img fetchpriority=\"high\" decoding=\"async\" width=\"768\" height=\"542\" src=\"https:\/\/sweethome-conciergerie.com\/wp-content\/uploads\/2026\/02\/Sejourner-a-Luxembourg-768x542.jpg\" class=\"attachment-medium_large size-medium_large wp-image-16906\" alt=\"\" srcset=\"https:\/\/sweethome-conciergerie.com\/wp-content\/uploads\/2026\/02\/Sejourner-a-Luxembourg-768x542.jpg 768w, https:\/\/sweethome-conciergerie.com\/wp-content\/uploads\/2026\/02\/Sejourner-a-Luxembourg-18x12.jpg 18w, https:\/\/sweethome-conciergerie.com\/wp-content\/uploads\/2026\/02\/Sejourner-a-Luxembourg-600x424.jpg 600w, https:\/\/sweethome-conciergerie.com\/wp-content\/uploads\/2026\/02\/Sejourner-a-Luxembourg.jpg 2000w\" sizes=\"(max-width: 768px) 100vw, 768px\" \/>\n             <\/div>\n        <\/div><div class=\"eael-entry-wrapper\"><header class=\"eael-entry-header\"><h1 class=\"eael-entry-title\"><a class=\"eael-grid-post-link\" href=\"https:\/\/sweethome-conciergerie.com\/en\/quartiers-incontournables-luxembourg\/\" title=\"Quartiers incontournables Luxembourg\">Quartiers incontournables Luxembourg<\/a><\/h1><\/header><div class=\"eael-entry-content\">\n                        <div class=\"eael-grid-post-excerpt\"><p>&nbsp; &nbsp; Les quartiers de Luxembourg-Ville : quel secteur choisir selon ses envies ? Luxembourg-Ville...<\/p><a href=\"https:\/\/sweethome-conciergerie.com\/en\/quartiers-incontournables-luxembourg\/\" class=\"eael-post-elements-readmore-btn\">Lire la suite ...<\/a><\/div>\n                    <\/div><\/div><\/div>\n        <\/div>\n    <\/article><\/div>\n            <div class=\"clearfix\"><\/div>\n        <\/div>            <div class=\"eael-load-more-button-wrap eael-infinity-scroll\" data-offset=\"-200\">\n                <button class=\"eael-load-more-button\" id=\"eael-load-more-btn-6403e13\" data-widget-id=\"6403e13\" data-widget=\"6403e13\" data-page-id=\"16842\" data-template=\"{&quot;dir&quot;:&quot;lite&quot;,&quot;file_name&quot;:&quot;three.php&quot;,&quot;name&quot;:&quot;Post-Grid&quot;}\" data-class=\"Essential_Addons_Elementor\\Elements\\Post_Grid\" data-layout=\"masonry\" data-page=\"1\" data-args=\"orderby=date&amp;order=desc&amp;ignore_sticky_posts=1&amp;post_status=publish&amp;posts_per_page=4&amp;offset=0&amp;post_type=post&amp;tax_query%5B0%5D%5Btaxonomy%5D=category&amp;tax_query%5B0%5D%5Bfield%5D=term_id&amp;tax_query%5B0%5D%5Bterms%5D%5B0%5D=125&amp;tax_query%5Brelation%5D=AND\" data-max-page=\"3\">\n                    <span class=\"eael-btn-loader button__loader\"><\/span>\n                    <span class=\"eael_load_more_text\">Load More<\/span>\n                <\/button>\n            <\/div>\n            \t\t\t\t<\/div>\n\t\t\t\t<\/div>\n\t\t\t\t<\/div>\n\t\t\t\t<\/div>\n\t\t\t\t\t<\/div>\n\t\t\t\t<\/div>\n\t\t\t\t<\/div>","protected":false},"excerpt":{"rendered":"<p>Origines et histoire du Luxembourg &nbsp; &nbsp; Les origines de Luxembourg-Ville : de Sigefroi au Lucilinburhuc En 963, un acte&#8230; Lire la suite &#8230; Forteresse Gibraltar du nord &nbsp; &nbsp; La forteresse de Luxembourg : du Gibraltar du Nord au d\u00e9mant\u00e8lement de 1867&#8230; Lire la suite &#8230; Patrimoine Unesco Luxembourg &nbsp; &nbsp; Patrimoine mondial UNESCO [&hellip;]<\/p>","protected":false},"author":2,"featured_media":0,"parent":0,"menu_order":0,"comment_status":"closed","ping_status":"closed","template":"elementor_header_footer","meta":{"footnotes":""},"class_list":["post-16842","page","type-page","status-publish","has-post-thumbnail","hentry"],"_links":{"self":[{"href":"https:\/\/sweethome-conciergerie.com\/en\/wp-json\/wp\/v2\/pages\/16842","targetHints":{"allow":["GET"]}}],"collection":[{"href":"https:\/\/sweethome-conciergerie.com\/en\/wp-json\/wp\/v2\/pages"}],"about":[{"href":"https:\/\/sweethome-conciergerie.com\/en\/wp-json\/wp\/v2\/types\/page"}],"author":[{"embeddable":true,"href":"https:\/\/sweethome-conciergerie.com\/en\/wp-json\/wp\/v2\/users\/2"}],"replies":[{"embeddable":true,"href":"https:\/\/sweethome-conciergerie.com\/en\/wp-json\/wp\/v2\/comments?post=16842"}],"version-history":[{"count":0,"href":"https:\/\/sweethome-conciergerie.com\/en\/wp-json\/wp\/v2\/pages\/16842\/revisions"}],"wp:attachment":[{"href":"https:\/\/sweethome-conciergerie.com\/en\/wp-json\/wp\/v2\/media?parent=16842"}],"curies":[{"name":"wp","href":"https:\/\/api.w.org\/{rel}","templated":true}]}}