{"id":16802,"date":"2026-02-27T10:35:49","date_gmt":"2026-02-27T10:35:49","guid":{"rendered":"https:\/\/sweethome-conciergerie.com\/?page_id=16802"},"modified":"2026-02-27T12:25:32","modified_gmt":"2026-02-27T12:25:32","slug":"ameliorer-son-annonce-airbnb","status":"publish","type":"page","link":"https:\/\/sweethome-conciergerie.com\/en\/ameliorer-son-annonce-airbnb\/","title":{"rendered":"Am\u00e9liorer son annonce airbnb"},"content":{"rendered":"<div data-elementor-type=\"wp-page\" data-elementor-id=\"16802\" class=\"elementor elementor-16802\">\n\t\t\t\t<div class=\"elementor-element elementor-element-5c2b115 e-flex e-con-boxed e-con e-parent\" data-id=\"5c2b115\" data-element_type=\"container\">\n\t\t\t\t\t<div class=\"e-con-inner\">\n\t\t\t\t<div class=\"elementor-element elementor-element-937f2aa elementor-grid-eael-col-3 elementor-grid-tablet-eael-col-2 elementor-grid-mobile-eael-col-1 elementor-widget elementor-widget-eael-post-grid\" data-id=\"937f2aa\" data-element_type=\"widget\" data-settings=\"{&quot;eael_post_grid_columns&quot;:&quot;eael-col-3&quot;,&quot;eael_post_grid_columns_tablet&quot;:&quot;eael-col-2&quot;,&quot;eael_post_grid_columns_mobile&quot;:&quot;eael-col-1&quot;}\" data-widget_type=\"eael-post-grid.default\">\n\t\t\t\t<div class=\"elementor-widget-container\">\n\t\t\t\t\t<div id=\"eael-post-grid-937f2aa\" class=\"eael-post-grid-container\">\n            <div class=\"eael-post-grid eael-post-appender eael-post-appender-937f2aa eael-post-grid-style-three\" data-layout-mode=\"masonry\"><article class=\"eael-grid-post  eael-post-grid-column eael-pg-post-16773 category-ameliorersonannoncebnb\" data-id=\"16773\">\n        <div class=\"eael-grid-post-holder\">\n            <div class=\"eael-grid-post-holder-inner\"><div class=\"eael-entry-media\"><div class=\"eael-entry-overlay fade-in\"><i class=\"fas fa-long-arrow-alt-right\" aria-hidden=\"true\"><\/i><a href=\"https:\/\/sweethome-conciergerie.com\/en\/photos-annonce-airbnb-smartphone\/\"><\/a><\/div><div class=\"eael-entry-thumbnail eael-image-ratio\">\n                 <img fetchpriority=\"high\" decoding=\"async\" width=\"768\" height=\"542\" src=\"https:\/\/sweethome-conciergerie.com\/wp-content\/uploads\/2026\/02\/Ameliorer-son-annonce-airbnb-2-768x542.jpg\" class=\"attachment-medium_large size-medium_large wp-image-16791\" alt=\"\" srcset=\"https:\/\/sweethome-conciergerie.com\/wp-content\/uploads\/2026\/02\/Ameliorer-son-annonce-airbnb-2-768x542.jpg 768w, https:\/\/sweethome-conciergerie.com\/wp-content\/uploads\/2026\/02\/Ameliorer-son-annonce-airbnb-2-18x12.jpg 18w, https:\/\/sweethome-conciergerie.com\/wp-content\/uploads\/2026\/02\/Ameliorer-son-annonce-airbnb-2-600x424.jpg 600w, https:\/\/sweethome-conciergerie.com\/wp-content\/uploads\/2026\/02\/Ameliorer-son-annonce-airbnb-2.jpg 2000w\" sizes=\"(max-width: 768px) 100vw, 768px\" \/>\n             <\/div>\n        <\/div><div class=\"eael-entry-wrapper\"><header class=\"eael-entry-header\"><h1 class=\"eael-entry-title\"><a class=\"eael-grid-post-link\" href=\"https:\/\/sweethome-conciergerie.com\/en\/photos-annonce-airbnb-smartphone\/\" title=\"photos annonce airbnb smartphone\">photos annonce airbnb smartphone<\/a><\/h1><\/header><div class=\"eael-entry-content\">\n                        <div class=\"eael-grid-post-excerpt\"><p>&nbsp; &nbsp; Comment prendre de belles photos pour son annonce Airbnb avec un smartphone Les...<\/p><a href=\"https:\/\/sweethome-conciergerie.com\/en\/photos-annonce-airbnb-smartphone\/\" class=\"eael-post-elements-readmore-btn\">Lire la suite ...<\/a><\/div>\n                    <\/div><\/div><\/div>\n        <\/div>\n    <\/article><article class=\"eael-grid-post  eael-post-grid-column eael-pg-post-16772 category-ameliorersonannoncebnb\" data-id=\"16772\">\n        <div class=\"eael-grid-post-holder\">\n            <div class=\"eael-grid-post-holder-inner\"><div class=\"eael-entry-media\"><div class=\"eael-entry-overlay fade-in\"><i class=\"fas fa-long-arrow-alt-right\" aria-hidden=\"true\"><\/i><a href=\"https:\/\/sweethome-conciergerie.com\/en\/algorithme-classement-airbnb\/\"><\/a><\/div><div class=\"eael-entry-thumbnail eael-image-ratio\">\n                 <img fetchpriority=\"high\" decoding=\"async\" width=\"768\" height=\"542\" src=\"https:\/\/sweethome-conciergerie.com\/wp-content\/uploads\/2026\/02\/Ameliorer-son-annonce-airbnb-2-768x542.jpg\" class=\"attachment-medium_large size-medium_large wp-image-16791\" alt=\"\" srcset=\"https:\/\/sweethome-conciergerie.com\/wp-content\/uploads\/2026\/02\/Ameliorer-son-annonce-airbnb-2-768x542.jpg 768w, https:\/\/sweethome-conciergerie.com\/wp-content\/uploads\/2026\/02\/Ameliorer-son-annonce-airbnb-2-18x12.jpg 18w, https:\/\/sweethome-conciergerie.com\/wp-content\/uploads\/2026\/02\/Ameliorer-son-annonce-airbnb-2-600x424.jpg 600w, https:\/\/sweethome-conciergerie.com\/wp-content\/uploads\/2026\/02\/Ameliorer-son-annonce-airbnb-2.jpg 2000w\" sizes=\"(max-width: 768px) 100vw, 768px\" \/>\n             <\/div>\n        <\/div><div class=\"eael-entry-wrapper\"><header class=\"eael-entry-header\"><h1 class=\"eael-entry-title\"><a class=\"eael-grid-post-link\" href=\"https:\/\/sweethome-conciergerie.com\/en\/algorithme-classement-airbnb\/\" title=\"algorithme classement airbnb\">algorithme classement airbnb<\/a><\/h1><\/header><div class=\"eael-entry-content\">\n                        <div class=\"eael-grid-post-excerpt\"><p>&nbsp; &nbsp; Comprendre l\u2019algorithme Airbnb : comment grimper dans les r\u00e9sultats de recherche L\u2019algorithme Airbnb...<\/p><a href=\"https:\/\/sweethome-conciergerie.com\/en\/algorithme-classement-airbnb\/\" class=\"eael-post-elements-readmore-btn\">Lire la suite ...<\/a><\/div>\n                    <\/div><\/div><\/div>\n        <\/div>\n    <\/article><article class=\"eael-grid-post  eael-post-grid-column eael-pg-post-16771 category-ameliorersonannoncebnb\" data-id=\"16771\">\n        <div class=\"eael-grid-post-holder\">\n            <div class=\"eael-grid-post-holder-inner\"><div class=\"eael-entry-media\"><div class=\"eael-entry-overlay fade-in\"><i class=\"fas fa-long-arrow-alt-right\" aria-hidden=\"true\"><\/i><a href=\"https:\/\/sweethome-conciergerie.com\/en\/strategie-prix-airbnb\/\"><\/a><\/div><div class=\"eael-entry-thumbnail eael-image-ratio\">\n                 <img fetchpriority=\"high\" decoding=\"async\" width=\"768\" height=\"542\" src=\"https:\/\/sweethome-conciergerie.com\/wp-content\/uploads\/2026\/02\/Ameliorer-son-annonce-airbnb-2-768x542.jpg\" class=\"attachment-medium_large size-medium_large wp-image-16791\" alt=\"\" srcset=\"https:\/\/sweethome-conciergerie.com\/wp-content\/uploads\/2026\/02\/Ameliorer-son-annonce-airbnb-2-768x542.jpg 768w, https:\/\/sweethome-conciergerie.com\/wp-content\/uploads\/2026\/02\/Ameliorer-son-annonce-airbnb-2-18x12.jpg 18w, https:\/\/sweethome-conciergerie.com\/wp-content\/uploads\/2026\/02\/Ameliorer-son-annonce-airbnb-2-600x424.jpg 600w, https:\/\/sweethome-conciergerie.com\/wp-content\/uploads\/2026\/02\/Ameliorer-son-annonce-airbnb-2.jpg 2000w\" sizes=\"(max-width: 768px) 100vw, 768px\" \/>\n             <\/div>\n        <\/div><div class=\"eael-entry-wrapper\"><header class=\"eael-entry-header\"><h1 class=\"eael-entry-title\"><a class=\"eael-grid-post-link\" href=\"https:\/\/sweethome-conciergerie.com\/en\/strategie-prix-airbnb\/\" title=\"strategie prix airbnb\">strategie prix airbnb<\/a><\/h1><\/header><div class=\"eael-entry-content\">\n                        <div class=\"eael-grid-post-excerpt\"><p>&nbsp; &nbsp; D\u00e9finir sa strat\u00e9gie de prix sur Airbnb : tarification dynamique et comp\u00e9titivit\u00e9 Fixer...<\/p><a href=\"https:\/\/sweethome-conciergerie.com\/en\/strategie-prix-airbnb\/\" class=\"eael-post-elements-readmore-btn\">Lire la suite ...<\/a><\/div>\n                    <\/div><\/div><\/div>\n        <\/div>\n    <\/article><article class=\"eael-grid-post  eael-post-grid-column eael-pg-post-16770 category-ameliorersonannoncebnb\" data-id=\"16770\">\n        <div class=\"eael-grid-post-holder\">\n            <div class=\"eael-grid-post-holder-inner\"><div class=\"eael-entry-media\"><div class=\"eael-entry-overlay fade-in\"><i class=\"fas fa-long-arrow-alt-right\" aria-hidden=\"true\"><\/i><a href=\"https:\/\/sweethome-conciergerie.com\/en\/equipements-airbnb-indispensables\/\"><\/a><\/div><div class=\"eael-entry-thumbnail eael-image-ratio\">\n                 <img fetchpriority=\"high\" decoding=\"async\" width=\"768\" height=\"542\" src=\"https:\/\/sweethome-conciergerie.com\/wp-content\/uploads\/2026\/02\/Ameliorer-son-annonce-airbnb-2-768x542.jpg\" class=\"attachment-medium_large size-medium_large wp-image-16791\" alt=\"\" srcset=\"https:\/\/sweethome-conciergerie.com\/wp-content\/uploads\/2026\/02\/Ameliorer-son-annonce-airbnb-2-768x542.jpg 768w, https:\/\/sweethome-conciergerie.com\/wp-content\/uploads\/2026\/02\/Ameliorer-son-annonce-airbnb-2-18x12.jpg 18w, https:\/\/sweethome-conciergerie.com\/wp-content\/uploads\/2026\/02\/Ameliorer-son-annonce-airbnb-2-600x424.jpg 600w, https:\/\/sweethome-conciergerie.com\/wp-content\/uploads\/2026\/02\/Ameliorer-son-annonce-airbnb-2.jpg 2000w\" sizes=\"(max-width: 768px) 100vw, 768px\" \/>\n             <\/div>\n        <\/div><div class=\"eael-entry-wrapper\"><header class=\"eael-entry-header\"><h1 class=\"eael-entry-title\"><a class=\"eael-grid-post-link\" href=\"https:\/\/sweethome-conciergerie.com\/en\/equipements-airbnb-indispensables\/\" title=\"Equipements airbnb indispensables\">Equipements airbnb indispensables<\/a><\/h1><\/header><div class=\"eael-entry-content\">\n                        <div class=\"eael-grid-post-excerpt\"><p>&nbsp; &nbsp; Les \u00e9quipements Airbnb indispensables pour attirer plus de voyageurs Les voyageurs Airbnb ne...<\/p><a href=\"https:\/\/sweethome-conciergerie.com\/en\/equipements-airbnb-indispensables\/\" class=\"eael-post-elements-readmore-btn\">Lire la suite ...<\/a><\/div>\n                    <\/div><\/div><\/div>\n        <\/div>\n    <\/article><\/div>\n            <div class=\"clearfix\"><\/div>\n        <\/div>            <div class=\"eael-load-more-button-wrap eael-infinity-scroll\" data-offset=\"-200\">\n                <button class=\"eael-load-more-button\" id=\"eael-load-more-btn-937f2aa\" data-widget-id=\"937f2aa\" data-widget=\"937f2aa\" data-page-id=\"16802\" data-template=\"{&quot;dir&quot;:&quot;lite&quot;,&quot;file_name&quot;:&quot;three.php&quot;,&quot;name&quot;:&quot;Post-Grid&quot;}\" data-class=\"Essential_Addons_Elementor\\Elements\\Post_Grid\" data-layout=\"masonry\" data-page=\"1\" data-args=\"orderby=date&amp;order=desc&amp;ignore_sticky_posts=1&amp;post_status=publish&amp;posts_per_page=4&amp;offset=0&amp;post_type=post&amp;tax_query%5B0%5D%5Btaxonomy%5D=category&amp;tax_query%5B0%5D%5Bfield%5D=term_id&amp;tax_query%5B0%5D%5Bterms%5D%5B0%5D=123&amp;tax_query%5Brelation%5D=AND\" data-max-page=\"3\">\n                    <span class=\"eael-btn-loader button__loader\"><\/span>\n                    <span class=\"eael_load_more_text\">Load More<\/span>\n                <\/button>\n            <\/div>\n            \t\t\t\t<\/div>\n\t\t\t\t<\/div>\n\t\t\t\t\t<\/div>\n\t\t\t\t<\/div>\n\t\t\t\t<\/div>","protected":false},"excerpt":{"rendered":"<p>photos annonce airbnb smartphone &nbsp; &nbsp; Comment prendre de belles photos pour son annonce Airbnb avec un smartphone Les&#8230; Lire la suite &#8230; algorithme classement airbnb &nbsp; &nbsp; Comprendre l\u2019algorithme Airbnb : comment grimper dans les r\u00e9sultats de recherche L\u2019algorithme Airbnb&#8230; Lire la suite &#8230; strategie prix airbnb &nbsp; &nbsp; D\u00e9finir sa strat\u00e9gie de prix [&hellip;]<\/p>","protected":false},"author":2,"featured_media":0,"parent":0,"menu_order":0,"comment_status":"closed","ping_status":"closed","template":"elementor_header_footer","meta":{"footnotes":""},"class_list":["post-16802","page","type-page","status-publish","has-post-thumbnail","hentry"],"_links":{"self":[{"href":"https:\/\/sweethome-conciergerie.com\/en\/wp-json\/wp\/v2\/pages\/16802","targetHints":{"allow":["GET"]}}],"collection":[{"href":"https:\/\/sweethome-conciergerie.com\/en\/wp-json\/wp\/v2\/pages"}],"about":[{"href":"https:\/\/sweethome-conciergerie.com\/en\/wp-json\/wp\/v2\/types\/page"}],"author":[{"embeddable":true,"href":"https:\/\/sweethome-conciergerie.com\/en\/wp-json\/wp\/v2\/users\/2"}],"replies":[{"embeddable":true,"href":"https:\/\/sweethome-conciergerie.com\/en\/wp-json\/wp\/v2\/comments?post=16802"}],"version-history":[{"count":0,"href":"https:\/\/sweethome-conciergerie.com\/en\/wp-json\/wp\/v2\/pages\/16802\/revisions"}],"wp:attachment":[{"href":"https:\/\/sweethome-conciergerie.com\/en\/wp-json\/wp\/v2\/media?parent=16802"}],"curies":[{"name":"wp","href":"https:\/\/api.w.org\/{rel}","templated":true}]}}