{"id":16282,"date":"2026-01-22T08:13:16","date_gmt":"2026-01-22T08:13:16","guid":{"rendered":"https:\/\/sweethome-conciergerie.com\/?page_id=16282"},"modified":"2026-02-06T10:26:33","modified_gmt":"2026-02-06T10:26:33","slug":"forbes-parle-de-nous","status":"publish","type":"page","link":"https:\/\/sweethome-conciergerie.com\/en\/forbes-parle-de-nous\/","title":{"rendered":"As Featured In"},"content":{"rendered":"<div data-elementor-type=\"wp-page\" data-elementor-id=\"16282\" class=\"elementor elementor-16282\">\n\t\t\t\t<div class=\"elementor-element elementor-element-1d25fe1 e-con-full e-flex e-con e-parent\" data-id=\"1d25fe1\" data-element_type=\"container\" data-settings=\"{&quot;background_background&quot;:&quot;classic&quot;}\">\n\t\t\t\t<\/div>\n\t\t<div class=\"elementor-element elementor-element-6e6a0f5 e-flex e-con-boxed e-con e-parent\" data-id=\"6e6a0f5\" data-element_type=\"container\">\n\t\t\t\t\t<div class=\"e-con-inner\">\n\t\t\t\t<div class=\"elementor-element elementor-element-3a3ca2c elementor-widget elementor-widget-heading\" data-id=\"3a3ca2c\" data-element_type=\"widget\" data-widget_type=\"heading.default\">\n\t\t\t\t<div class=\"elementor-widget-container\">\n\t\t\t\t\t<h2 class=\"elementor-heading-title elementor-size-default\">Forbes talks about us<\/h2>\t\t\t\t<\/div>\n\t\t\t\t<\/div>\n\t\t\t\t\t<\/div>\n\t\t\t\t<\/div>\n\t\t<div class=\"elementor-element elementor-element-425e817 e-flex e-con-boxed e-con e-parent\" data-id=\"425e817\" data-element_type=\"container\">\n\t\t\t\t\t<div class=\"e-con-inner\">\n\t\t\t\t<div class=\"elementor-element elementor-element-4f1442c elementor-widget__width-initial elementor-widget elementor-widget-video\" data-id=\"4f1442c\" data-element_type=\"widget\" data-settings=\"{&quot;youtube_url&quot;:&quot;https:\\\/\\\/youtu.be\\\/XASMq4JodJY&quot;,&quot;video_type&quot;:&quot;youtube&quot;,&quot;controls&quot;:&quot;yes&quot;}\" data-widget_type=\"video.default\">\n\t\t\t\t<div class=\"elementor-widget-container\">\n\t\t\t\t\t\t\t<div class=\"elementor-wrapper elementor-open-inline\">\n\t\t\t<div class=\"elementor-video\"><\/div>\t\t<\/div>\n\t\t\t\t\t\t<\/div>\n\t\t\t\t<\/div>\n\t\t\t\t\t<\/div>\n\t\t\t\t<\/div>\n\t\t<div class=\"elementor-element elementor-element-b1fa302 e-flex e-con-boxed e-con e-parent\" data-id=\"b1fa302\" data-element_type=\"container\">\n\t\t\t\t\t<div class=\"e-con-inner\">\n\t\t\t\t<div class=\"elementor-element elementor-element-ff17762 elementor-widget elementor-widget-text-editor\" data-id=\"ff17762\" data-element_type=\"widget\" data-widget_type=\"text-editor.default\">\n\t\t\t\t<div class=\"elementor-widget-container\">\n\t\t\t\t\t\t\t\t\t<p>\u00a0<\/p><p>SweetHome Conciergerie supports property owners from Metz to Luxembourg with an approach that goes far beyond day-to-day execution: short-term rentals are managed as a true performance strategy. The team now oversees more than 50 properties and adapts its standards to each market, combining on-the-ground operations, technology tools, and continuous optimization. The company is focused on sustainable growth, with expansion planned into additional regions.\u00a0<em><strong><a style=\"letter-spacing: 0px;\" href=\"https:\/\/www.forbes.fr\/brandvoice\/sweethome-conciergerie-structure-la-location-courte-duree-entre-metz-et-luxembourg\/\" target=\"_blank\" rel=\"noopener\">Read the Forbes article.<\/a><\/strong><\/em><\/p>\t\t\t\t\t\t\t\t<\/div>\n\t\t\t\t<\/div>\n\t\t\t\t\t<\/div>\n\t\t\t\t<\/div>\n\t\t<div class=\"elementor-element elementor-element-9918d12 e-flex e-con-boxed e-con e-parent\" data-id=\"9918d12\" data-element_type=\"container\">\n\t\t\t\t\t<div class=\"e-con-inner\">\n\t\t\t\t<div class=\"elementor-element elementor-element-71909fe elementor-align-center elementor-widget elementor-widget-button\" data-id=\"71909fe\" data-element_type=\"widget\" data-widget_type=\"button.default\">\n\t\t\t\t<div class=\"elementor-widget-container\">\n\t\t\t\t\t\t\t\t\t<div class=\"elementor-button-wrapper\">\n\t\t\t\t\t<a class=\"elementor-button elementor-button-link elementor-size-sm\" href=\"https:\/\/sweethome-conciergerie.com\/en\/contact\/\" target=\"_blank\">\n\t\t\t\t\t\t<span class=\"elementor-button-content-wrapper\">\n\t\t\t\t\t\t\t\t\t<span class=\"elementor-button-text\">Request My Free Audit<\/span>\n\t\t\t\t\t<\/span>\n\t\t\t\t\t<\/a>\n\t\t\t\t<\/div>\n\t\t\t\t\t\t\t\t<\/div>\n\t\t\t\t<\/div>\n\t\t\t\t\t<\/div>\n\t\t\t\t<\/div>\n\t\t<div class=\"elementor-element elementor-element-a9b6b97 e-flex e-con-boxed e-con e-parent\" data-id=\"a9b6b97\" data-element_type=\"container\">\n\t\t\t\t\t<div class=\"e-con-inner\">\n\t\t\t\t<div class=\"elementor-element elementor-element-057111e elementor-widget elementor-widget-image\" data-id=\"057111e\" data-element_type=\"widget\" data-widget_type=\"image.default\">\n\t\t\t\t<div class=\"elementor-widget-container\">\n\t\t\t\t\t\t\t\t\t\t\t\t\t\t\t<img fetchpriority=\"high\" decoding=\"async\" width=\"1024\" height=\"1024\" src=\"https:\/\/sweethome-conciergerie.com\/wp-content\/uploads\/2026\/01\/20260107_125756-2-1024x1024.jpg\" class=\"attachment-large size-large wp-image-16303\" alt=\"Interview Forbes SweetHome Conciergerie\" srcset=\"https:\/\/sweethome-conciergerie.com\/wp-content\/uploads\/2026\/01\/20260107_125756-2-1024x1024.jpg 1024w, https:\/\/sweethome-conciergerie.com\/wp-content\/uploads\/2026\/01\/20260107_125756-2-300x300.jpg 300w, https:\/\/sweethome-conciergerie.com\/wp-content\/uploads\/2026\/01\/20260107_125756-2-150x150.jpg 150w, https:\/\/sweethome-conciergerie.com\/wp-content\/uploads\/2026\/01\/20260107_125756-2-1536x1536.jpg 1536w, https:\/\/sweethome-conciergerie.com\/wp-content\/uploads\/2026\/01\/20260107_125756-2-2048x2048.jpg 2048w, https:\/\/sweethome-conciergerie.com\/wp-content\/uploads\/2026\/01\/20260107_125756-2-100x100.jpg 100w\" sizes=\"(max-width: 1024px) 100vw, 1024px\" \/>\t\t\t\t\t\t\t\t\t\t\t\t\t\t\t<\/div>\n\t\t\t\t<\/div>\n\t\t\t\t\t<\/div>\n\t\t\t\t<\/div>\n\t\t<div class=\"elementor-element elementor-element-21cecc0 e-flex e-con-boxed e-con e-parent\" data-id=\"21cecc0\" data-element_type=\"container\">\n\t\t\t\t\t<div class=\"e-con-inner\">\n\t\t\t\t<div class=\"elementor-element elementor-element-f26a8a2 elementor-widget elementor-widget-heading\" data-id=\"f26a8a2\" data-element_type=\"widget\" data-widget_type=\"heading.default\">\n\t\t\t\t<div class=\"elementor-widget-container\">\n\t\t\t\t\t<h2 class=\"elementor-heading-title elementor-size-default\">Forbes Interview with SweetHome Conciergerie: Exclusive | Metz, Luxembourg<\/h2>\t\t\t\t<\/div>\n\t\t\t\t<\/div>\n\t\t\t\t\t<\/div>\n\t\t\t\t<\/div>\n\t\t<div class=\"elementor-element elementor-element-3958cba e-flex e-con-boxed e-con e-parent\" data-id=\"3958cba\" data-element_type=\"container\">\n\t\t\t\t\t<div class=\"e-con-inner\">\n\t\t\t\t<div class=\"elementor-element elementor-element-2b937b1 elementor-widget elementor-widget-text-editor\" data-id=\"2b937b1\" data-element_type=\"widget\" data-widget_type=\"text-editor.default\">\n\t\t\t\t<div class=\"elementor-widget-container\">\n\t\t\t\t\t\t\t\t\t<p data-path-to-node=\"6,0\">We\u2019re excited to share our recent interview with the prestigious magazine Forbes. This recognition highlights SweetHome Conciergerie\u2019s commitment to raising the bar for premium short-term rental management.<\/p><p data-path-to-node=\"6,3\">\u00a0<\/p>\t\t\t\t\t\t\t\t<\/div>\n\t\t\t\t<\/div>\n\t\t\t\t\t<\/div>\n\t\t\t\t<\/div>\n\t\t<div class=\"elementor-element elementor-element-c7c9ef6 e-flex e-con-boxed e-con e-parent\" data-id=\"c7c9ef6\" data-element_type=\"container\">\n\t\t\t\t\t<div class=\"e-con-inner\">\n\t\t\t\t<div class=\"elementor-element elementor-element-dff40c3 elementor-widget elementor-widget-heading\" data-id=\"dff40c3\" data-element_type=\"widget\" data-widget_type=\"heading.default\">\n\t\t\t\t<div class=\"elementor-widget-container\">\n\t\t\t\t\t<h3 class=\"elementor-heading-title elementor-size-default\">Why did Forbes take an interest in SweetHome Conciergerie?<\/h3>\t\t\t\t<\/div>\n\t\t\t\t<\/div>\n\t\t\t\t\t<\/div>\n\t\t\t\t<\/div>\n\t\t<div class=\"elementor-element elementor-element-27debac e-flex e-con-boxed e-con e-parent\" data-id=\"27debac\" data-element_type=\"container\">\n\t\t\t\t\t<div class=\"e-con-inner\">\n\t\t\t\t<div class=\"elementor-element elementor-element-83168bc elementor-widget elementor-widget-text-editor\" data-id=\"83168bc\" data-element_type=\"widget\" data-widget_type=\"text-editor.default\">\n\t\t\t\t<div class=\"elementor-widget-container\">\n\t\t\t\t\t\t\t\t\t<p data-start=\"1995\" data-end=\"2326\">The short-term rental market is evolving fast: higher guest expectations, tighter regulations, increased competition, and the need to maximize performance while protecting the property. In this context, our mission is clear: to provide owners with full-service management that\u2019s reliable, profitable, and stress-free day to day.<\/p><p data-start=\"2328\" data-end=\"2542\">This interview is a chance to take you behind the scenes\u2014showing what truly makes the difference between an average listing and a property that performs consistently over time (occupancy, revenue, reviews, and property care).<\/p>\t\t\t\t\t\t\t\t<\/div>\n\t\t\t\t<\/div>\n\t\t\t\t\t<\/div>\n\t\t\t\t<\/div>\n\t\t<div class=\"elementor-element elementor-element-28e4add e-flex e-con-boxed e-con e-parent\" data-id=\"28e4add\" data-element_type=\"container\">\n\t\t\t\t\t<div class=\"e-con-inner\">\n\t\t\t\t<div class=\"elementor-element elementor-element-a6e07e0 elementor-widget elementor-widget-heading\" data-id=\"a6e07e0\" data-element_type=\"widget\" data-widget_type=\"heading.default\">\n\t\t\t\t<div class=\"elementor-widget-container\">\n\t\t\t\t\t<h3 class=\"elementor-heading-title elementor-size-default\">What You\u2019ll Discover in the Interview<\/h3>\t\t\t\t<\/div>\n\t\t\t\t<\/div>\n\t\t\t\t\t<\/div>\n\t\t\t\t<\/div>\n\t\t<div class=\"elementor-element elementor-element-aa23345 e-flex e-con-boxed e-con e-parent\" data-id=\"aa23345\" data-element_type=\"container\">\n\t\t\t\t\t<div class=\"e-con-inner\">\n\t\t\t\t<div class=\"elementor-element elementor-element-0b85a49 elementor-widget elementor-widget-text-editor\" data-id=\"0b85a49\" data-element_type=\"widget\" data-widget_type=\"text-editor.default\">\n\t\t\t\t<div class=\"elementor-widget-container\">\n\t\t\t\t\t\t\t\t\t<p data-start=\"2593\" data-end=\"2649\">In this Forbes interview, we cover:<\/p><ul data-start=\"2650\" data-end=\"3055\"><li data-start=\"2650\" data-end=\"2735\"><p data-start=\"2652\" data-end=\"2735\">Operational excellence: how we ensure an outstanding stay for every guest (cleaning, inspections, restocking).<\/p><\/li><li data-start=\"2736\" data-end=\"2836\"><p data-start=\"2738\" data-end=\"2836\">Our obsession with responsiveness and the guest experience (messaging, check-in, support).<\/p><\/li><li data-start=\"2736\" data-end=\"2836\"><p data-start=\"2738\" data-end=\"2836\">Full transparency: building a trusted relationship with property owners.<\/p><\/li><li data-start=\"2837\" data-end=\"2956\"><p data-start=\"2839\" data-end=\"2956\">The importance of pricing optimization (revenue management) to maximize income without undermining the property\u2019s positioning.<\/p><\/li><li data-start=\"2957\" data-end=\"3055\"><p data-start=\"2959\" data-end=\"3055\">Best practices to protect the property and reduce disputes (photos, processes, follow-up).<\/p><\/li><\/ul><p>Find our full range of services on the <span style=\"text-decoration: underline;\"><strong><a href=\"https:\/\/sweethome-conciergerie.com\/en\/proprietaire\/\">Owner page.<\/a><\/strong><\/span><\/p>\t\t\t\t\t\t\t\t<\/div>\n\t\t\t\t<\/div>\n\t\t\t\t\t<\/div>\n\t\t\t\t<\/div>\n\t\t<div class=\"elementor-element elementor-element-fa822ce e-flex e-con-boxed e-con e-parent\" data-id=\"fa822ce\" data-element_type=\"container\">\n\t\t\t\t\t<div class=\"e-con-inner\">\n\t\t\t\t<div class=\"elementor-element elementor-element-e927a04 elementor-widget elementor-widget-heading\" data-id=\"e927a04\" data-element_type=\"widget\" data-widget_type=\"heading.default\">\n\t\t\t\t<div class=\"elementor-widget-container\">\n\t\t\t\t\t<h3 class=\"elementor-heading-title elementor-size-default\">Service Area<\/h3>\t\t\t\t<\/div>\n\t\t\t\t<\/div>\n\t\t\t\t\t<\/div>\n\t\t\t\t<\/div>\n\t\t<div class=\"elementor-element elementor-element-35f958b e-flex e-con-boxed e-con e-parent\" data-id=\"35f958b\" data-element_type=\"container\">\n\t\t\t\t\t<div class=\"e-con-inner\">\n\t\t\t\t<div class=\"elementor-element elementor-element-7de06ea elementor-widget elementor-widget-text-editor\" data-id=\"7de06ea\" data-element_type=\"widget\" data-widget_type=\"text-editor.default\">\n\t\t\t\t<div class=\"elementor-widget-container\">\n\t\t\t\t\t\t\t\t\t<p>We primarily operate in <strong data-start=\"3912\" data-end=\"3946\"> Luxembourg<\/strong> and in Moselle along the <strong data-start=\"3912\" data-end=\"3946\">Metz, Thionville, <\/strong>corridor, as well as in Eure-et-Loir,<strong data-start=\"3912\" data-end=\"3946\"> Chartres <\/strong>, with an approach tailored to each local market (business demand, short stays, longer stays, seasonality, etc.).<\/p>\t\t\t\t\t\t\t\t<\/div>\n\t\t\t\t<\/div>\n\t\t\t\t\t<\/div>\n\t\t\t\t<\/div>\n\t\t<div class=\"elementor-element elementor-element-e8cabdb e-flex e-con-boxed e-con e-parent\" data-id=\"e8cabdb\" data-element_type=\"container\">\n\t\t\t\t\t<div class=\"e-con-inner\">\n\t\t\t\t<div class=\"elementor-element elementor-element-a1c8a7e elementor-widget elementor-widget-heading\" data-id=\"a1c8a7e\" data-element_type=\"widget\" data-widget_type=\"heading.default\">\n\t\t\t\t<div class=\"elementor-widget-container\">\n\t\t\t\t\t<h3 class=\"elementor-heading-title elementor-size-default\">Are You a Property Owner? Let\u2019s Talk About Your Project<\/h3>\t\t\t\t<\/div>\n\t\t\t\t<\/div>\n\t\t\t\t\t<\/div>\n\t\t\t\t<\/div>\n\t\t<div class=\"elementor-element elementor-element-dd6cd77 e-flex e-con-boxed e-con e-parent\" data-id=\"dd6cd77\" data-element_type=\"container\">\n\t\t\t\t\t<div class=\"e-con-inner\">\n\t\t\t\t<div class=\"elementor-element elementor-element-03953bf elementor-widget elementor-widget-text-editor\" data-id=\"03953bf\" data-element_type=\"widget\" data-widget_type=\"text-editor.default\">\n\t\t\t\t<div class=\"elementor-widget-container\">\n\t\t\t\t\t\t\t\t\t<p data-start=\"4127\" data-end=\"4274\">If you\u2019re considering listing your property as a short-term rental (or if you\u2019d like to improve your current results), we can discuss:<\/p><ul data-start=\"4275\" data-end=\"4496\"><li data-start=\"4275\" data-end=\"4320\"><p data-start=\"4277\" data-end=\"4320\">The true rental potential of your property<\/p><\/li><li data-start=\"4321\" data-end=\"4376\"><p data-start=\"4323\" data-end=\"4376\">Your positioning (premium, family-friendly, business, etc.)<\/p><\/li><li data-start=\"4377\" data-end=\"4440\"><p data-start=\"4379\" data-end=\"4440\">The top priority improvements to increase revenue and reviews<\/p><\/li><li data-start=\"4441\" data-end=\"4496\"><p data-start=\"4443\" data-end=\"4496\">The best management strategy based on your goals<\/p><\/li><\/ul><p data-start=\"4498\" data-end=\"4590\">\u00a0Watch the interview video below, then <a href=\"https:\/\/sweethome-conciergerie.com\/en\/contact\/\">get in touch<\/a> for an initial conversation.<\/p>\t\t\t\t\t\t\t\t<\/div>\n\t\t\t\t<\/div>\n\t\t\t\t\t<\/div>\n\t\t\t\t<\/div>\n\t\t<div class=\"elementor-element elementor-element-2cb1a41 e-flex e-con-boxed e-con e-parent\" data-id=\"2cb1a41\" data-element_type=\"container\">\n\t\t\t\t\t<div class=\"e-con-inner\">\n\t\t\t\t<div class=\"elementor-element elementor-element-c0a39ca elementor-align-center elementor-widget elementor-widget-button\" data-id=\"c0a39ca\" data-element_type=\"widget\" data-widget_type=\"button.default\">\n\t\t\t\t<div class=\"elementor-widget-container\">\n\t\t\t\t\t\t\t\t\t<div class=\"elementor-button-wrapper\">\n\t\t\t\t\t<a class=\"elementor-button elementor-button-link elementor-size-sm\" href=\"https:\/\/sweethome-conciergerie.com\/en\/contact\/\" target=\"_blank\">\n\t\t\t\t\t\t<span class=\"elementor-button-content-wrapper\">\n\t\t\t\t\t\t\t\t\t<span class=\"elementor-button-text\">Request My Free Audit<\/span>\n\t\t\t\t\t<\/span>\n\t\t\t\t\t<\/a>\n\t\t\t\t<\/div>\n\t\t\t\t\t\t\t\t<\/div>\n\t\t\t\t<\/div>\n\t\t\t\t\t<\/div>\n\t\t\t\t<\/div>\n\t\t\t\t<\/div>","protected":false},"excerpt":{"rendered":"<p>Forbes parle de nous https:\/\/youtu.be\/XASMq4JodJY \u00a0 SweetHome Conciergerie accompagne les propri\u00e9taires de Metz \u00e0 Luxembourg avec une approche qui va bien au-del\u00e0 de l\u2019ex\u00e9cution : la location courte dur\u00e9e est pilot\u00e9e comme une vraie strat\u00e9gie de performance. L\u2019\u00e9quipe g\u00e8re aujourd\u2019hui plus de 50 logements et adapte ses standards selon les territoires, en combinant organisation terrain, [&hellip;]<\/p>","protected":false},"author":2,"featured_media":0,"parent":0,"menu_order":0,"comment_status":"closed","ping_status":"closed","template":"elementor_header_footer","meta":{"footnotes":""},"class_list":["post-16282","page","type-page","status-publish","has-post-thumbnail","hentry"],"_links":{"self":[{"href":"https:\/\/sweethome-conciergerie.com\/en\/wp-json\/wp\/v2\/pages\/16282","targetHints":{"allow":["GET"]}}],"collection":[{"href":"https:\/\/sweethome-conciergerie.com\/en\/wp-json\/wp\/v2\/pages"}],"about":[{"href":"https:\/\/sweethome-conciergerie.com\/en\/wp-json\/wp\/v2\/types\/page"}],"author":[{"embeddable":true,"href":"https:\/\/sweethome-conciergerie.com\/en\/wp-json\/wp\/v2\/users\/2"}],"replies":[{"embeddable":true,"href":"https:\/\/sweethome-conciergerie.com\/en\/wp-json\/wp\/v2\/comments?post=16282"}],"version-history":[{"count":0,"href":"https:\/\/sweethome-conciergerie.com\/en\/wp-json\/wp\/v2\/pages\/16282\/revisions"}],"wp:attachment":[{"href":"https:\/\/sweethome-conciergerie.com\/en\/wp-json\/wp\/v2\/media?parent=16282"}],"curies":[{"name":"wp","href":"https:\/\/api.w.org\/{rel}","templated":true}]}}